{"id":2333,"date":"2019-08-09T11:16:53","date_gmt":"2019-08-09T11:16:53","guid":{"rendered":"http:\/\/mycars.digitalatlas.io\/?page_id=2333"},"modified":"2023-09-04T16:07:03","modified_gmt":"2023-09-04T16:07:03","slug":"404-page","status":"publish","type":"page","link":"https:\/\/rataras.lt\/ru\/404-page\/","title":{"rendered":"404 Page"},"content":{"rendered":"<div data-elementor-type=\"wp-post\" data-elementor-id=\"2333\" class=\"elementor elementor-2333\">\n\t\t\t\t\t\t<section class=\"elementor-section elementor-top-section elementor-element elementor-element-ad3999f vehica-404 elementor-section-boxed elementor-section-height-default elementor-section-height-default\" data-id=\"ad3999f\" data-element_type=\"section\">\n\t\t\t\t\t\t<div class=\"elementor-container elementor-column-gap-default\">\n\t\t\t\t\t<div class=\"elementor-column elementor-col-100 elementor-top-column elementor-element elementor-element-6fd44b9\" data-id=\"6fd44b9\" data-element_type=\"column\">\n\t\t\t<div class=\"elementor-widget-wrap elementor-element-populated\">\n\t\t\t\t\t\t<div class=\"elementor-element elementor-element-298f1e3 elementor-widget elementor-widget-spacer\" data-id=\"298f1e3\" data-element_type=\"widget\" data-widget_type=\"spacer.default\">\n\t\t\t\t<div class=\"elementor-widget-container\">\n\t\t\t<style>\/*! elementor - v3.23.0 - 05-08-2024 *\/\n.elementor-column .elementor-spacer-inner{height:var(--spacer-size)}.e-con{--container-widget-width:100%}.e-con-inner>.elementor-widget-spacer,.e-con>.elementor-widget-spacer{width:var(--container-widget-width,var(--spacer-size));--align-self:var(--container-widget-align-self,initial);--flex-shrink:0}.e-con-inner>.elementor-widget-spacer>.elementor-widget-container,.e-con>.elementor-widget-spacer>.elementor-widget-container{height:100%;width:100%}.e-con-inner>.elementor-widget-spacer>.elementor-widget-container>.elementor-spacer,.e-con>.elementor-widget-spacer>.elementor-widget-container>.elementor-spacer{height:100%}.e-con-inner>.elementor-widget-spacer>.elementor-widget-container>.elementor-spacer>.elementor-spacer-inner,.e-con>.elementor-widget-spacer>.elementor-widget-container>.elementor-spacer>.elementor-spacer-inner{height:var(--container-widget-height,var(--spacer-size))}.e-con-inner>.elementor-widget-spacer.elementor-widget-empty,.e-con>.elementor-widget-spacer.elementor-widget-empty{position:relative;min-height:22px;min-width:22px}.e-con-inner>.elementor-widget-spacer.elementor-widget-empty .elementor-widget-empty-icon,.e-con>.elementor-widget-spacer.elementor-widget-empty .elementor-widget-empty-icon{position:absolute;top:0;bottom:0;left:0;right:0;margin:auto;padding:0;width:22px;height:22px}<\/style>\t\t<div class=\"elementor-spacer\">\n\t\t\t<div class=\"elementor-spacer-inner\"><\/div>\n\t\t<\/div>\n\t\t\t\t<\/div>\n\t\t\t\t<\/div>\n\t\t\t\t<div class=\"elementor-element elementor-element-9113600 elementor-widget elementor-widget-heading\" data-id=\"9113600\" data-element_type=\"widget\" data-widget_type=\"heading.default\">\n\t\t\t\t<div class=\"elementor-widget-container\">\n\t\t\t<style>\/*! elementor - v3.23.0 - 05-08-2024 *\/\n.elementor-heading-title{padding:0;margin:0;line-height:1}.elementor-widget-heading .elementor-heading-title[class*=elementor-size-]>a{color:inherit;font-size:inherit;line-height:inherit}.elementor-widget-heading .elementor-heading-title.elementor-size-small{font-size:15px}.elementor-widget-heading .elementor-heading-title.elementor-size-medium{font-size:19px}.elementor-widget-heading .elementor-heading-title.elementor-size-large{font-size:29px}.elementor-widget-heading .elementor-heading-title.elementor-size-xl{font-size:39px}.elementor-widget-heading .elementor-heading-title.elementor-size-xxl{font-size:59px}<\/style><h2 class=\"elementor-heading-title elementor-size-default\">J\u016bs\u0173 ie\u0161komas puslapis neegzistuoja, pasikeit\u0117 adresas arba yra laikinai nepasiekiamas.<\/h2>\t\t<\/div>\n\t\t\t\t<\/div>\n\t\t\t\t<div class=\"elementor-element elementor-element-bd83436 elementor-widget elementor-widget-spacer\" data-id=\"bd83436\" data-element_type=\"widget\" data-widget_type=\"spacer.default\">\n\t\t\t\t<div class=\"elementor-widget-container\">\n\t\t\t\t\t<div class=\"elementor-spacer\">\n\t\t\t<div class=\"elementor-spacer-inner\"><\/div>\n\t\t<\/div>\n\t\t\t\t<\/div>\n\t\t\t\t<\/div>\n\t\t\t\t<div class=\"elementor-element elementor-element-c66047c elementor-widget elementor-widget-heading\" data-id=\"c66047c\" data-element_type=\"widget\" data-widget_type=\"heading.default\">\n\t\t\t\t<div class=\"elementor-widget-container\">\n\t\t\t<h1 class=\"elementor-heading-title elementor-size-default\">404<\/h1>\t\t<\/div>\n\t\t\t\t<\/div>\n\t\t\t\t<div class=\"elementor-element elementor-element-43d76c0 elementor-widget elementor-widget-spacer\" data-id=\"43d76c0\" data-element_type=\"widget\" data-widget_type=\"spacer.default\">\n\t\t\t\t<div class=\"elementor-widget-container\">\n\t\t\t\t\t<div class=\"elementor-spacer\">\n\t\t\t<div class=\"elementor-spacer-inner\"><\/div>\n\t\t<\/div>\n\t\t\t\t<\/div>\n\t\t\t\t<\/div>\n\t\t\t\t<div class=\"elementor-element elementor-element-427de10 elementor-align-center elementor-mobile-align-justify elementor-widget elementor-widget-button\" data-id=\"427de10\" data-element_type=\"widget\" data-widget_type=\"button.default\">\n\t\t\t\t<div class=\"elementor-widget-container\">\n\t\t\t\t\t<div class=\"elementor-button-wrapper\">\n\t\t\t<a class=\"elementor-button elementor-button-link elementor-size-sm\" href=\"\/ru\/\">\n\t\t\t\t\t\t<span class=\"elementor-button-content-wrapper\">\n\t\t\t\t\t\t\t\t\t<span class=\"elementor-button-text\">Gry\u017eti \u012f pradin\u012f puslap\u012f<\/span>\n\t\t\t\t\t<\/span>\n\t\t\t\t\t<\/a>\n\t\t<\/div>\n\t\t\t\t<\/div>\n\t\t\t\t<\/div>\n\t\t\t\t<div class=\"elementor-element elementor-element-400e5fa elementor-widget elementor-widget-spacer\" data-id=\"400e5fa\" data-element_type=\"widget\" data-widget_type=\"spacer.default\">\n\t\t\t\t<div class=\"elementor-widget-container\">\n\t\t\t\t\t<div class=\"elementor-spacer\">\n\t\t\t<div class=\"elementor-spacer-inner\"><\/div>\n\t\t<\/div>\n\t\t\t\t<\/div>\n\t\t\t\t<\/div>\n\t\t\t\t\t<\/div>\n\t\t<\/div>\n\t\t\t\t\t<\/div>\n\t\t<\/section>\n\t\t\t\t<\/div>","protected":false},"excerpt":{"rendered":"<p>J\u016bs\u0173 ie\u0161komas puslapis neegzistuoja, pasikeit\u0117 adresas arba yra laikinai nepasiekiamas. 404 Gry\u017eti \u012f pradin\u012f puslap\u012f<\/p>","protected":false},"author":1,"featured_media":0,"parent":0,"menu_order":0,"comment_status":"closed","ping_status":"closed","template":"","meta":{"footnotes":""},"class_list":["post-2333","page","type-page","status-publish","hentry"],"yoast_head":"<!-- This site is optimized with the Yoast SEO Premium plugin v21.2 (Yoast SEO v23.3) - https:\/\/yoast.com\/wordpress\/plugins\/seo\/ -->\n<title>404 Page - Rataras<\/title>\n<meta name=\"robots\" content=\"index, follow, max-snippet:-1, max-image-preview:large, max-video-preview:-1\" \/>\n<link rel=\"canonical\" href=\"https:\/\/rataras.lt404-page\/\" \/>\n<meta property=\"og:locale\" content=\"ru_RU\" \/>\n<meta property=\"og:type\" content=\"article\" \/>\n<meta property=\"og:title\" content=\"404 Page\" \/>\n<meta property=\"og:description\" content=\"J\u016bs\u0173 ie\u0161komas puslapis neegzistuoja, pasikeit\u0117 adresas arba yra laikinai nepasiekiamas. 404 Gry\u017eti \u012f pradin\u012f puslap\u012f\" \/>\n<meta property=\"og:url\" content=\"https:\/\/rataras.lt404-page\/\" \/>\n<meta property=\"og:site_name\" content=\"Rataras\" \/>\n<meta property=\"article:publisher\" content=\"https:\/\/www.facebook.com\/profile.php?id=100066959055512\" \/>\n<meta property=\"article:modified_time\" content=\"2023-09-04T16:07:03+00:00\" \/>\n<meta name=\"twitter:card\" content=\"summary_large_image\" \/>\n<script type=\"application\/ld+json\" class=\"yoast-schema-graph\">{\"@context\":\"https:\/\/schema.org\",\"@graph\":[{\"@type\":\"WebPage\",\"@id\":\"https:\/\/rataras.lt404-page\/\",\"url\":\"https:\/\/rataras.lt404-page\/\",\"name\":\"404 Page - Rataras\",\"isPartOf\":{\"@id\":\"https:\/\/rataras.lt\/#website\"},\"datePublished\":\"2019-08-09T11:16:53+00:00\",\"dateModified\":\"2023-09-04T16:07:03+00:00\",\"breadcrumb\":{\"@id\":\"https:\/\/rataras.lt404-page\/#breadcrumb\"},\"inLanguage\":\"ru-RU\",\"potentialAction\":[{\"@type\":\"ReadAction\",\"target\":[\"https:\/\/rataras.lt404-page\/\"]}]},{\"@type\":\"BreadcrumbList\",\"@id\":\"https:\/\/rataras.lt404-page\/#breadcrumb\",\"itemListElement\":[{\"@type\":\"ListItem\",\"position\":1,\"name\":\"Home\",\"item\":\"https:\/\/rataras.lt\"},{\"@type\":\"ListItem\",\"position\":2,\"name\":\"404 Page\"}]},{\"@type\":\"WebSite\",\"@id\":\"https:\/\/rataras.lt\/#website\",\"url\":\"https:\/\/rataras.lt\/\",\"name\":\"Rataras\",\"description\":\"\",\"publisher\":{\"@id\":\"https:\/\/rataras.lt\/#organization\"},\"potentialAction\":[{\"@type\":\"SearchAction\",\"target\":{\"@type\":\"EntryPoint\",\"urlTemplate\":\"https:\/\/rataras.lt\/?s={search_term_string}\"},\"query-input\":\"required name=search_term_string\"}],\"inLanguage\":\"ru-RU\"},{\"@type\":\"Organization\",\"@id\":\"https:\/\/rataras.lt\/#organization\",\"name\":\"Rataras\",\"url\":\"https:\/\/rataras.lt\/\",\"logo\":{\"@type\":\"ImageObject\",\"inLanguage\":\"ru-RU\",\"@id\":\"https:\/\/rataras.lt\/#\/schema\/logo\/image\/\",\"url\":\"https:\/\/rataras.lt\/wp-content\/uploads\/2023\/08\/RATARAS_01.1-2.png\",\"contentUrl\":\"https:\/\/rataras.lt\/wp-content\/uploads\/2023\/08\/RATARAS_01.1-2.png\",\"width\":1301,\"height\":1301,\"caption\":\"Rataras\"},\"image\":{\"@id\":\"https:\/\/rataras.lt\/#\/schema\/logo\/image\/\"},\"sameAs\":[\"https:\/\/www.facebook.com\/profile.php?id=100066959055512\",\"https:\/\/www.instagram.com\/uabrataras\/?hl=en\",\"https:\/\/www.youtube.com\/channel\/UCKrGgp6zfE7xibyvdZAzZUg\"]}]}<\/script>\n<!-- \/ Yoast SEO Premium plugin. -->","yoast_head_json":{"title":"404 Page - Rataras","robots":{"index":"index","follow":"follow","max-snippet":"max-snippet:-1","max-image-preview":"max-image-preview:large","max-video-preview":"max-video-preview:-1"},"canonical":"https:\/\/rataras.lt404-page\/","og_locale":"ru_RU","og_type":"article","og_title":"404 Page","og_description":"J\u016bs\u0173 ie\u0161komas puslapis neegzistuoja, pasikeit\u0117 adresas arba yra laikinai nepasiekiamas. 404 Gry\u017eti \u012f pradin\u012f puslap\u012f","og_url":"https:\/\/rataras.lt404-page\/","og_site_name":"Rataras","article_publisher":"https:\/\/www.facebook.com\/profile.php?id=100066959055512","article_modified_time":"2023-09-04T16:07:03+00:00","twitter_card":"summary_large_image","schema":{"@context":"https:\/\/schema.org","@graph":[{"@type":"WebPage","@id":"https:\/\/rataras.lt404-page\/","url":"https:\/\/rataras.lt404-page\/","name":"404 Page - Rataras","isPartOf":{"@id":"https:\/\/rataras.lt\/#website"},"datePublished":"2019-08-09T11:16:53+00:00","dateModified":"2023-09-04T16:07:03+00:00","breadcrumb":{"@id":"https:\/\/rataras.lt404-page\/#breadcrumb"},"inLanguage":"ru-RU","potentialAction":[{"@type":"ReadAction","target":["https:\/\/rataras.lt404-page\/"]}]},{"@type":"BreadcrumbList","@id":"https:\/\/rataras.lt404-page\/#breadcrumb","itemListElement":[{"@type":"ListItem","position":1,"name":"Home","item":"https:\/\/rataras.lt"},{"@type":"ListItem","position":2,"name":"404 Page"}]},{"@type":"WebSite","@id":"https:\/\/rataras.lt\/#website","url":"https:\/\/rataras.lt\/","name":"Rataras","description":"","publisher":{"@id":"https:\/\/rataras.lt\/#organization"},"potentialAction":[{"@type":"SearchAction","target":{"@type":"EntryPoint","urlTemplate":"https:\/\/rataras.lt\/?s={search_term_string}"},"query-input":"required name=search_term_string"}],"inLanguage":"ru-RU"},{"@type":"Organization","@id":"https:\/\/rataras.lt\/#organization","name":"Rataras","url":"https:\/\/rataras.lt\/","logo":{"@type":"ImageObject","inLanguage":"ru-RU","@id":"https:\/\/rataras.lt\/#\/schema\/logo\/image\/","url":"https:\/\/rataras.lt\/wp-content\/uploads\/2023\/08\/RATARAS_01.1-2.png","contentUrl":"https:\/\/rataras.lt\/wp-content\/uploads\/2023\/08\/RATARAS_01.1-2.png","width":1301,"height":1301,"caption":"Rataras"},"image":{"@id":"https:\/\/rataras.lt\/#\/schema\/logo\/image\/"},"sameAs":["https:\/\/www.facebook.com\/profile.php?id=100066959055512","https:\/\/www.instagram.com\/uabrataras\/?hl=en","https:\/\/www.youtube.com\/channel\/UCKrGgp6zfE7xibyvdZAzZUg"]}]}},"_links":{"self":[{"href":"https:\/\/rataras.lt\/ru\/wp-json\/wp\/v2\/pages\/2333","targetHints":{"allow":["GET"]}}],"collection":[{"href":"https:\/\/rataras.lt\/ru\/wp-json\/wp\/v2\/pages"}],"about":[{"href":"https:\/\/rataras.lt\/ru\/wp-json\/wp\/v2\/types\/page"}],"author":[{"embeddable":true,"href":"https:\/\/rataras.lt\/ru\/wp-json\/wp\/v2\/users\/1"}],"replies":[{"embeddable":true,"href":"https:\/\/rataras.lt\/ru\/wp-json\/wp\/v2\/comments?post=2333"}],"version-history":[{"count":6,"href":"https:\/\/rataras.lt\/ru\/wp-json\/wp\/v2\/pages\/2333\/revisions"}],"predecessor-version":[{"id":23608,"href":"https:\/\/rataras.lt\/ru\/wp-json\/wp\/v2\/pages\/2333\/revisions\/23608"}],"wp:attachment":[{"href":"https:\/\/rataras.lt\/ru\/wp-json\/wp\/v2\/media?parent=2333"}],"curies":[{"name":"wp","href":"https:\/\/api.w.org\/{rel}","templated":true}]}}